{"id":175,"date":"2025-09-19T14:13:05","date_gmt":"2025-09-19T17:13:05","guid":{"rendered":"https:\/\/pangeafood.com.br\/?page_id=175"},"modified":"2025-09-19T14:46:21","modified_gmt":"2025-09-19T17:46:21","slug":"produtos","status":"publish","type":"page","link":"https:\/\/pangeafood.com.br\/?page_id=175","title":{"rendered":"PRODUTOS"},"content":{"rendered":"\t\t<div data-elementor-type=\"wp-page\" data-elementor-id=\"175\" class=\"elementor elementor-175\" data-elementor-settings=\"{&quot;ha_cmc_init_switcher&quot;:&quot;no&quot;}\">\n\t\t\t\t<div class=\"elementor-element elementor-element-70d27bd e-flex e-con-boxed wpr-particle-no wpr-jarallax-no wpr-parallax-no wpr-sticky-section-no e-con e-parent\" data-id=\"70d27bd\" data-element_type=\"container\" data-settings=\"{&quot;_ha_eqh_enable&quot;:false}\">\n\t\t\t\t\t<div class=\"e-con-inner\">\n\t\t<div class=\"elementor-element elementor-element-064d5dd e-con-full e-flex wpr-particle-no wpr-jarallax-no wpr-parallax-no wpr-sticky-section-no e-con e-child\" data-id=\"064d5dd\" data-element_type=\"container\" data-settings=\"{&quot;_ha_eqh_enable&quot;:false}\">\n\t\t\t\t<div class=\"elementor-element elementor-element-63ac528 elementor-widget elementor-widget-image\" data-id=\"63ac528\" data-element_type=\"widget\" data-widget_type=\"image.default\">\n\t\t\t\t<div class=\"elementor-widget-container\">\n\t\t\t\t\t\t\t\t\t\t\t\t\t\t\t<img fetchpriority=\"high\" decoding=\"async\" width=\"500\" height=\"650\" src=\"https:\/\/pangeafood.com.br\/wp-content\/uploads\/2025\/09\/PRODUTOS-2.png\" class=\"attachment-large size-large wp-image-180\" alt=\"\" srcset=\"https:\/\/pangeafood.com.br\/wp-content\/uploads\/2025\/09\/PRODUTOS-2.png 500w, https:\/\/pangeafood.com.br\/wp-content\/uploads\/2025\/09\/PRODUTOS-2-231x300.png 231w\" sizes=\"(max-width: 500px) 100vw, 500px\" \/>\t\t\t\t\t\t\t\t\t\t\t\t\t\t\t<\/div>\n\t\t\t\t<\/div>\n\t\t\t\t<\/div>\n\t\t<div class=\"elementor-element elementor-element-57b17e4 e-con-full e-flex wpr-particle-no wpr-jarallax-no wpr-parallax-no wpr-sticky-section-no e-con e-child\" data-id=\"57b17e4\" data-element_type=\"container\" data-settings=\"{&quot;_ha_eqh_enable&quot;:false}\">\n\t\t\t\t<div class=\"elementor-element elementor-element-c666369 elementor-widget elementor-widget-image\" data-id=\"c666369\" data-element_type=\"widget\" data-widget_type=\"image.default\">\n\t\t\t\t<div class=\"elementor-widget-container\">\n\t\t\t\t\t\t\t\t\t\t\t\t\t\t\t<img decoding=\"async\" width=\"500\" height=\"650\" src=\"https:\/\/pangeafood.com.br\/wp-content\/uploads\/2025\/09\/PRODUTOS-3.png\" class=\"attachment-large size-large wp-image-181\" alt=\"\" srcset=\"https:\/\/pangeafood.com.br\/wp-content\/uploads\/2025\/09\/PRODUTOS-3.png 500w, https:\/\/pangeafood.com.br\/wp-content\/uploads\/2025\/09\/PRODUTOS-3-231x300.png 231w\" sizes=\"(max-width: 500px) 100vw, 500px\" \/>\t\t\t\t\t\t\t\t\t\t\t\t\t\t\t<\/div>\n\t\t\t\t<\/div>\n\t\t\t\t<\/div>\n\t\t<div class=\"elementor-element elementor-element-ce2da31 e-con-full e-flex wpr-particle-no wpr-jarallax-no wpr-parallax-no wpr-sticky-section-no e-con e-child\" data-id=\"ce2da31\" data-element_type=\"container\" data-settings=\"{&quot;_ha_eqh_enable&quot;:false}\">\n\t\t\t\t<div class=\"elementor-element elementor-element-10575a4 elementor-widget elementor-widget-image\" data-id=\"10575a4\" data-element_type=\"widget\" data-widget_type=\"image.default\">\n\t\t\t\t<div class=\"elementor-widget-container\">\n\t\t\t\t\t\t\t\t\t\t\t\t\t\t\t<img decoding=\"async\" width=\"500\" height=\"650\" src=\"https:\/\/pangeafood.com.br\/wp-content\/uploads\/2025\/09\/PRODUTOS-1.png\" class=\"attachment-large size-large wp-image-182\" alt=\"\" srcset=\"https:\/\/pangeafood.com.br\/wp-content\/uploads\/2025\/09\/PRODUTOS-1.png 500w, https:\/\/pangeafood.com.br\/wp-content\/uploads\/2025\/09\/PRODUTOS-1-231x300.png 231w\" sizes=\"(max-width: 500px) 100vw, 500px\" \/>\t\t\t\t\t\t\t\t\t\t\t\t\t\t\t<\/div>\n\t\t\t\t<\/div>\n\t\t\t\t<\/div>\n\t\t\t\t\t<\/div>\n\t\t\t\t<\/div>\n\t\t<div class=\"elementor-element elementor-element-b98f87d e-flex e-con-boxed wpr-particle-no wpr-jarallax-no wpr-parallax-no wpr-sticky-section-no e-con e-parent\" data-id=\"b98f87d\" data-element_type=\"container\" data-settings=\"{&quot;_ha_eqh_enable&quot;:false}\">\n\t\t\t\t\t<div class=\"e-con-inner\">\n\t\t\t\t<div class=\"elementor-element elementor-element-a8aff0a elementor-widget elementor-widget-spacer\" data-id=\"a8aff0a\" data-element_type=\"widget\" data-widget_type=\"spacer.default\">\n\t\t\t\t<div class=\"elementor-widget-container\">\n\t\t\t\t\t\t\t<div class=\"elementor-spacer\">\n\t\t\t<div class=\"elementor-spacer-inner\"><\/div>\n\t\t<\/div>\n\t\t\t\t\t\t<\/div>\n\t\t\t\t<\/div>\n\t\t\t\t<div class=\"elementor-element elementor-element-1988227 elementor-widget elementor-widget-heading\" data-id=\"1988227\" data-element_type=\"widget\" data-widget_type=\"heading.default\">\n\t\t\t\t<div class=\"elementor-widget-container\">\n\t\t\t\t\t<h2 class=\"elementor-heading-title elementor-size-default\">Produtos<\/h2>\t\t\t\t<\/div>\n\t\t\t\t<\/div>\n\t\t\t\t\t<\/div>\n\t\t\t\t<\/div>\n\t\t<div class=\"elementor-element elementor-element-444a371 e-flex e-con-boxed wpr-particle-no wpr-jarallax-no wpr-parallax-no wpr-sticky-section-no e-con e-parent\" data-id=\"444a371\" data-element_type=\"container\" data-settings=\"{&quot;_ha_eqh_enable&quot;:false}\">\n\t\t\t\t\t<div class=\"e-con-inner\">\n\t\t<div class=\"elementor-element elementor-element-e0a7495 e-con-full e-flex wpr-particle-no wpr-jarallax-no wpr-parallax-no wpr-sticky-section-no e-con e-child\" data-id=\"e0a7495\" data-element_type=\"container\" data-settings=\"{&quot;_ha_eqh_enable&quot;:false}\">\n\t\t\t\t<div class=\"elementor-element elementor-element-e014404 elementor-widget elementor-widget-heading\" data-id=\"e014404\" data-element_type=\"widget\" data-widget_type=\"heading.default\">\n\t\t\t\t<div class=\"elementor-widget-container\">\n\t\t\t\t\t<h2 class=\"elementor-heading-title elementor-size-default\">Ten\u00e9brio Vivo (KS)<\/h2>\t\t\t\t<\/div>\n\t\t\t\t<\/div>\n\t\t\t\t<div class=\"elementor-element elementor-element-15f2489 elementor-widget elementor-widget-text-editor\" data-id=\"15f2489\" data-element_type=\"widget\" data-widget_type=\"text-editor.default\">\n\t\t\t\t<div class=\"elementor-widget-container\">\n\t\t\t\t\t\t\t\t\t<p>O ten\u00e9brio vivo \u00e9 uma fonte natural de prote\u00edna para diversos animais. Proporciona uma dieta saud\u00e1vel e equilibrada, estimula os instintos naturais e contribui para o bem-estar, al\u00e9m de ser produzido de forma sustent\u00e1vel, com menor demanda de recursos.<\/p>\t\t\t\t\t\t\t\t<\/div>\n\t\t\t\t<\/div>\n\t\t\t\t<\/div>\n\t\t<div class=\"elementor-element elementor-element-30ba2f1 e-con-full e-flex wpr-particle-no wpr-jarallax-no wpr-parallax-no wpr-sticky-section-no e-con e-child\" data-id=\"30ba2f1\" data-element_type=\"container\" data-settings=\"{&quot;_ha_eqh_enable&quot;:false}\">\n\t\t\t\t<div class=\"elementor-element elementor-element-8c4aece elementor-widget elementor-widget-heading\" data-id=\"8c4aece\" data-element_type=\"widget\" data-widget_type=\"heading.default\">\n\t\t\t\t<div class=\"elementor-widget-container\">\n\t\t\t\t\t<h2 class=\"elementor-heading-title elementor-size-default\">Ten\u00e9brio Liofilizado<\/h2>\t\t\t\t<\/div>\n\t\t\t\t<\/div>\n\t\t\t\t<div class=\"elementor-element elementor-element-87eb4fe elementor-widget elementor-widget-text-editor\" data-id=\"87eb4fe\" data-element_type=\"widget\" data-widget_type=\"text-editor.default\">\n\t\t\t\t<div class=\"elementor-widget-container\">\n\t\t\t\t\t\t\t\t\t<p>O ten\u00e9brio liofilizado \u00e9 uma alternativa premium para a nutri\u00e7\u00e3o animal, com alta concentra\u00e7\u00e3o de prote\u00ednas e minerais. O processo de desidrata\u00e7\u00e3o preserva os nutrientes, garantindo uma alimenta\u00e7\u00e3o saud\u00e1vel para aves, r\u00e9pteis e outros pets.<\/p>\t\t\t\t\t\t\t\t<\/div>\n\t\t\t\t<\/div>\n\t\t\t\t<\/div>\n\t\t<div class=\"elementor-element elementor-element-65f3eae e-con-full e-flex wpr-particle-no wpr-jarallax-no wpr-parallax-no wpr-sticky-section-no e-con e-child\" data-id=\"65f3eae\" data-element_type=\"container\" data-settings=\"{&quot;_ha_eqh_enable&quot;:false}\">\n\t\t\t\t<div class=\"elementor-element elementor-element-20cdf50 elementor-widget elementor-widget-heading\" data-id=\"20cdf50\" data-element_type=\"widget\" data-widget_type=\"heading.default\">\n\t\t\t\t<div class=\"elementor-widget-container\">\n\t\t\t\t\t<h2 class=\"elementor-heading-title elementor-size-default\">Embalagem de Frass<\/h2>\t\t\t\t<\/div>\n\t\t\t\t<\/div>\n\t\t\t\t<div class=\"elementor-element elementor-element-5d0c4d3 elementor-widget elementor-widget-text-editor\" data-id=\"5d0c4d3\" data-element_type=\"widget\" data-widget_type=\"text-editor.default\">\n\t\t\t\t<div class=\"elementor-widget-container\">\n\t\t\t\t\t\t\t\t\t<p>O frass, subproduto do cultivo de ten\u00e9brios, \u00e9 rico em nutrientes e ideal para a fertiliza\u00e7\u00e3o de plantas. Promove o crescimento saud\u00e1vel, melhora a qualidade do solo e reduz a necessidade de fertilizantes qu\u00edmicos.<\/p>\t\t\t\t\t\t\t\t<\/div>\n\t\t\t\t<\/div>\n\t\t\t\t<\/div>\n\t\t\t\t\t<\/div>\n\t\t\t\t<\/div>\n\t\t<div class=\"elementor-element elementor-element-438586f e-flex e-con-boxed wpr-particle-no wpr-jarallax-no wpr-parallax-no wpr-sticky-section-no e-con e-parent\" data-id=\"438586f\" data-element_type=\"container\" data-settings=\"{&quot;_ha_eqh_enable&quot;:false}\">\n\t\t\t\t\t<div class=\"e-con-inner\">\n\t\t\t\t<div class=\"elementor-element elementor-element-daa461e elementor-widget elementor-widget-spacer\" data-id=\"daa461e\" data-element_type=\"widget\" data-widget_type=\"spacer.default\">\n\t\t\t\t<div class=\"elementor-widget-container\">\n\t\t\t\t\t\t\t<div class=\"elementor-spacer\">\n\t\t\t<div class=\"elementor-spacer-inner\"><\/div>\n\t\t<\/div>\n\t\t\t\t\t\t<\/div>\n\t\t\t\t<\/div>\n\t\t\t\t\t<\/div>\n\t\t\t\t<\/div>\n\t\t\t\t<\/div>\n\t\t","protected":false},"excerpt":{"rendered":"<p>Produtos Ten\u00e9brio Vivo (KS) O ten\u00e9brio vivo \u00e9 uma fonte natural de prote\u00edna para diversos animais. Proporciona uma dieta saud\u00e1vel e equilibrada, estimula os instintos naturais e contribui para o bem-estar, al\u00e9m de ser produzido de forma sustent\u00e1vel, com menor demanda de recursos. Ten\u00e9brio Liofilizado O ten\u00e9brio liofilizado \u00e9 uma alternativa premium para a nutri\u00e7\u00e3o animal, com alta concentra\u00e7\u00e3o de prote\u00ednas e minerais. O processo de desidrata\u00e7\u00e3o preserva os nutrientes, garantindo uma alimenta\u00e7\u00e3o saud\u00e1vel para aves, r\u00e9pteis e outros pets. Embalagem de Frass O frass, subproduto do cultivo de ten\u00e9brios, \u00e9 rico em nutrientes e ideal para a fertiliza\u00e7\u00e3o de plantas. Promove o crescimento saud\u00e1vel, melhora a qualidade do solo e reduz a necessidade de fertilizantes qu\u00edmicos.<\/p>\n","protected":false},"author":1,"featured_media":0,"parent":0,"menu_order":0,"comment_status":"closed","ping_status":"closed","template":"","meta":{"site-sidebar-layout":"no-sidebar","site-content-layout":"","ast-site-content-layout":"full-width-container","site-content-style":"default","site-sidebar-style":"default","ast-global-header-display":"","ast-banner-title-visibility":"","ast-main-header-display":"","ast-hfb-above-header-display":"","ast-hfb-below-header-display":"","ast-hfb-mobile-header-display":"","site-post-title":"disabled","ast-breadcrumbs-content":"","ast-featured-img":"disabled","footer-sml-layout":"","theme-transparent-header-meta":"","adv-header-id-meta":"","stick-header-meta":"","header-above-stick-meta":"","header-main-stick-meta":"","header-below-stick-meta":"","astra-migrate-meta-layouts":"default","ast-page-background-enabled":"default","ast-page-background-meta":{"desktop":{"background-color":"var(--ast-global-color-5)","background-image":"","background-repeat":"repeat","background-position":"center center","background-size":"auto","background-attachment":"scroll","background-type":"","background-media":"","overlay-type":"","overlay-color":"","overlay-opacity":"","overlay-gradient":""},"tablet":{"background-color":"","background-image":"","background-repeat":"repeat","background-position":"center center","background-size":"auto","background-attachment":"scroll","background-type":"","background-media":"","overlay-type":"","overlay-color":"","overlay-opacity":"","overlay-gradient":""},"mobile":{"background-color":"","background-image":"","background-repeat":"repeat","background-position":"center center","background-size":"auto","background-attachment":"scroll","background-type":"","background-media":"","overlay-type":"","overlay-color":"","overlay-opacity":"","overlay-gradient":""}},"ast-content-background-meta":{"desktop":{"background-color":"var(--ast-global-color-4)","background-image":"","background-repeat":"repeat","background-position":"center center","background-size":"auto","background-attachment":"scroll","background-type":"","background-media":"","overlay-type":"","overlay-color":"","overlay-opacity":"","overlay-gradient":""},"tablet":{"background-color":"var(--ast-global-color-4)","background-image":"","background-repeat":"repeat","background-position":"center center","background-size":"auto","background-attachment":"scroll","background-type":"","background-media":"","overlay-type":"","overlay-color":"","overlay-opacity":"","overlay-gradient":""},"mobile":{"background-color":"var(--ast-global-color-4)","background-image":"","background-repeat":"repeat","background-position":"center center","background-size":"auto","background-attachment":"scroll","background-type":"","background-media":"","overlay-type":"","overlay-color":"","overlay-opacity":"","overlay-gradient":""}},"footnotes":""},"class_list":["post-175","page","type-page","status-publish","hentry"],"yoast_head":"<!-- This site is optimized with the Yoast SEO plugin v25.9 - https:\/\/yoast.com\/wordpress\/plugins\/seo\/ -->\n<title>PRODUTOS -<\/title>\n<meta name=\"robots\" content=\"index, follow, max-snippet:-1, max-image-preview:large, max-video-preview:-1\" \/>\n<link rel=\"canonical\" href=\"https:\/\/pangeafood.com.br\/?page_id=175\" \/>\n<meta property=\"og:locale\" content=\"en_US\" \/>\n<meta property=\"og:type\" content=\"article\" \/>\n<meta property=\"og:title\" content=\"PRODUTOS -\" \/>\n<meta property=\"og:description\" content=\"Produtos Ten\u00e9brio Vivo (KS) O ten\u00e9brio vivo \u00e9 uma fonte natural de prote\u00edna para diversos animais. Proporciona uma dieta saud\u00e1vel e equilibrada, estimula os instintos naturais e contribui para o bem-estar, al\u00e9m de ser produzido de forma sustent\u00e1vel, com menor demanda de recursos. Ten\u00e9brio Liofilizado O ten\u00e9brio liofilizado \u00e9 uma alternativa premium para a nutri\u00e7\u00e3o animal, com alta concentra\u00e7\u00e3o de prote\u00ednas e minerais. O processo de desidrata\u00e7\u00e3o preserva os nutrientes, garantindo uma alimenta\u00e7\u00e3o saud\u00e1vel para aves, r\u00e9pteis e outros pets. Embalagem de Frass O frass, subproduto do cultivo de ten\u00e9brios, \u00e9 rico em nutrientes e ideal para a fertiliza\u00e7\u00e3o de plantas. Promove o crescimento saud\u00e1vel, melhora a qualidade do solo e reduz a necessidade de fertilizantes qu\u00edmicos.\" \/>\n<meta property=\"og:url\" content=\"https:\/\/pangeafood.com.br\/?page_id=175\" \/>\n<meta property=\"article:modified_time\" content=\"2025-09-19T17:46:21+00:00\" \/>\n<meta property=\"og:image\" content=\"http:\/\/pangeafood.com.br\/wp-content\/uploads\/2025\/09\/PRODUTOS-2.png\" \/>\n<meta name=\"twitter:card\" content=\"summary_large_image\" \/>\n<meta name=\"twitter:label1\" content=\"Est. reading time\" \/>\n\t<meta name=\"twitter:data1\" content=\"2 minutes\" \/>\n<script type=\"application\/ld+json\" class=\"yoast-schema-graph\">{\"@context\":\"https:\/\/schema.org\",\"@graph\":[{\"@type\":\"WebPage\",\"@id\":\"https:\/\/pangeafood.com.br\/?page_id=175\",\"url\":\"https:\/\/pangeafood.com.br\/?page_id=175\",\"name\":\"PRODUTOS -\",\"isPartOf\":{\"@id\":\"https:\/\/pangeafood.com.br\/#website\"},\"primaryImageOfPage\":{\"@id\":\"https:\/\/pangeafood.com.br\/?page_id=175#primaryimage\"},\"image\":{\"@id\":\"https:\/\/pangeafood.com.br\/?page_id=175#primaryimage\"},\"thumbnailUrl\":\"http:\/\/pangeafood.com.br\/wp-content\/uploads\/2025\/09\/PRODUTOS-2.png\",\"datePublished\":\"2025-09-19T17:13:05+00:00\",\"dateModified\":\"2025-09-19T17:46:21+00:00\",\"breadcrumb\":{\"@id\":\"https:\/\/pangeafood.com.br\/?page_id=175#breadcrumb\"},\"inLanguage\":\"en-US\",\"potentialAction\":[{\"@type\":\"ReadAction\",\"target\":[\"https:\/\/pangeafood.com.br\/?page_id=175\"]}]},{\"@type\":\"ImageObject\",\"inLanguage\":\"en-US\",\"@id\":\"https:\/\/pangeafood.com.br\/?page_id=175#primaryimage\",\"url\":\"http:\/\/pangeafood.com.br\/wp-content\/uploads\/2025\/09\/PRODUTOS-2.png\",\"contentUrl\":\"http:\/\/pangeafood.com.br\/wp-content\/uploads\/2025\/09\/PRODUTOS-2.png\"},{\"@type\":\"BreadcrumbList\",\"@id\":\"https:\/\/pangeafood.com.br\/?page_id=175#breadcrumb\",\"itemListElement\":[{\"@type\":\"ListItem\",\"position\":1,\"name\":\"Home\",\"item\":\"https:\/\/pangeafood.com.br\/\"},{\"@type\":\"ListItem\",\"position\":2,\"name\":\"PRODUTOS\"}]},{\"@type\":\"WebSite\",\"@id\":\"https:\/\/pangeafood.com.br\/#website\",\"url\":\"https:\/\/pangeafood.com.br\/\",\"name\":\"\",\"description\":\"\",\"potentialAction\":[{\"@type\":\"SearchAction\",\"target\":{\"@type\":\"EntryPoint\",\"urlTemplate\":\"https:\/\/pangeafood.com.br\/?s={search_term_string}\"},\"query-input\":{\"@type\":\"PropertyValueSpecification\",\"valueRequired\":true,\"valueName\":\"search_term_string\"}}],\"inLanguage\":\"en-US\"}]}<\/script>\n<!-- \/ Yoast SEO plugin. -->","yoast_head_json":{"title":"PRODUTOS -","robots":{"index":"index","follow":"follow","max-snippet":"max-snippet:-1","max-image-preview":"max-image-preview:large","max-video-preview":"max-video-preview:-1"},"canonical":"https:\/\/pangeafood.com.br\/?page_id=175","og_locale":"en_US","og_type":"article","og_title":"PRODUTOS -","og_description":"Produtos Ten\u00e9brio Vivo (KS) O ten\u00e9brio vivo \u00e9 uma fonte natural de prote\u00edna para diversos animais. Proporciona uma dieta saud\u00e1vel e equilibrada, estimula os instintos naturais e contribui para o bem-estar, al\u00e9m de ser produzido de forma sustent\u00e1vel, com menor demanda de recursos. Ten\u00e9brio Liofilizado O ten\u00e9brio liofilizado \u00e9 uma alternativa premium para a nutri\u00e7\u00e3o animal, com alta concentra\u00e7\u00e3o de prote\u00ednas e minerais. O processo de desidrata\u00e7\u00e3o preserva os nutrientes, garantindo uma alimenta\u00e7\u00e3o saud\u00e1vel para aves, r\u00e9pteis e outros pets. Embalagem de Frass O frass, subproduto do cultivo de ten\u00e9brios, \u00e9 rico em nutrientes e ideal para a fertiliza\u00e7\u00e3o de plantas. Promove o crescimento saud\u00e1vel, melhora a qualidade do solo e reduz a necessidade de fertilizantes qu\u00edmicos.","og_url":"https:\/\/pangeafood.com.br\/?page_id=175","article_modified_time":"2025-09-19T17:46:21+00:00","og_image":[{"url":"http:\/\/pangeafood.com.br\/wp-content\/uploads\/2025\/09\/PRODUTOS-2.png","type":"","width":"","height":""}],"twitter_card":"summary_large_image","twitter_misc":{"Est. reading time":"2 minutes"},"schema":{"@context":"https:\/\/schema.org","@graph":[{"@type":"WebPage","@id":"https:\/\/pangeafood.com.br\/?page_id=175","url":"https:\/\/pangeafood.com.br\/?page_id=175","name":"PRODUTOS -","isPartOf":{"@id":"https:\/\/pangeafood.com.br\/#website"},"primaryImageOfPage":{"@id":"https:\/\/pangeafood.com.br\/?page_id=175#primaryimage"},"image":{"@id":"https:\/\/pangeafood.com.br\/?page_id=175#primaryimage"},"thumbnailUrl":"http:\/\/pangeafood.com.br\/wp-content\/uploads\/2025\/09\/PRODUTOS-2.png","datePublished":"2025-09-19T17:13:05+00:00","dateModified":"2025-09-19T17:46:21+00:00","breadcrumb":{"@id":"https:\/\/pangeafood.com.br\/?page_id=175#breadcrumb"},"inLanguage":"en-US","potentialAction":[{"@type":"ReadAction","target":["https:\/\/pangeafood.com.br\/?page_id=175"]}]},{"@type":"ImageObject","inLanguage":"en-US","@id":"https:\/\/pangeafood.com.br\/?page_id=175#primaryimage","url":"http:\/\/pangeafood.com.br\/wp-content\/uploads\/2025\/09\/PRODUTOS-2.png","contentUrl":"http:\/\/pangeafood.com.br\/wp-content\/uploads\/2025\/09\/PRODUTOS-2.png"},{"@type":"BreadcrumbList","@id":"https:\/\/pangeafood.com.br\/?page_id=175#breadcrumb","itemListElement":[{"@type":"ListItem","position":1,"name":"Home","item":"https:\/\/pangeafood.com.br\/"},{"@type":"ListItem","position":2,"name":"PRODUTOS"}]},{"@type":"WebSite","@id":"https:\/\/pangeafood.com.br\/#website","url":"https:\/\/pangeafood.com.br\/","name":"","description":"","potentialAction":[{"@type":"SearchAction","target":{"@type":"EntryPoint","urlTemplate":"https:\/\/pangeafood.com.br\/?s={search_term_string}"},"query-input":{"@type":"PropertyValueSpecification","valueRequired":true,"valueName":"search_term_string"}}],"inLanguage":"en-US"}]}},"_links":{"self":[{"href":"https:\/\/pangeafood.com.br\/index.php?rest_route=\/wp\/v2\/pages\/175","targetHints":{"allow":["GET"]}}],"collection":[{"href":"https:\/\/pangeafood.com.br\/index.php?rest_route=\/wp\/v2\/pages"}],"about":[{"href":"https:\/\/pangeafood.com.br\/index.php?rest_route=\/wp\/v2\/types\/page"}],"author":[{"embeddable":true,"href":"https:\/\/pangeafood.com.br\/index.php?rest_route=\/wp\/v2\/users\/1"}],"replies":[{"embeddable":true,"href":"https:\/\/pangeafood.com.br\/index.php?rest_route=%2Fwp%2Fv2%2Fcomments&post=175"}],"version-history":[{"count":20,"href":"https:\/\/pangeafood.com.br\/index.php?rest_route=\/wp\/v2\/pages\/175\/revisions"}],"predecessor-version":[{"id":202,"href":"https:\/\/pangeafood.com.br\/index.php?rest_route=\/wp\/v2\/pages\/175\/revisions\/202"}],"wp:attachment":[{"href":"https:\/\/pangeafood.com.br\/index.php?rest_route=%2Fwp%2Fv2%2Fmedia&parent=175"}],"curies":[{"name":"wp","href":"https:\/\/api.w.org\/{rel}","templated":true}]}}