{"id":240,"date":"2025-09-19T15:22:56","date_gmt":"2025-09-19T18:22:56","guid":{"rendered":"https:\/\/pangeafood.com.br\/?page_id=240"},"modified":"2025-12-18T14:53:52","modified_gmt":"2025-12-18T17:53:52","slug":"sobre-nos","status":"publish","type":"page","link":"https:\/\/pangeafood.com.br\/?page_id=240","title":{"rendered":"SOBRE N\u00d3S"},"content":{"rendered":"\t\t<div data-elementor-type=\"wp-page\" data-elementor-id=\"240\" class=\"elementor elementor-240\" data-elementor-settings=\"{&quot;ha_cmc_init_switcher&quot;:&quot;no&quot;}\">\n\t\t\t\t<div class=\"elementor-element elementor-element-8c74b00 e-flex e-con-boxed wpr-particle-no wpr-jarallax-no wpr-parallax-no wpr-sticky-section-no e-con e-parent\" data-id=\"8c74b00\" data-element_type=\"container\" data-settings=\"{&quot;_ha_eqh_enable&quot;:false}\">\n\t\t\t\t\t<div class=\"e-con-inner\">\n\t\t\t\t<div class=\"elementor-element elementor-element-52eb343 elementor-widget elementor-widget-spacer\" data-id=\"52eb343\" data-element_type=\"widget\" data-widget_type=\"spacer.default\">\n\t\t\t\t<div class=\"elementor-widget-container\">\n\t\t\t\t\t\t\t<div class=\"elementor-spacer\">\n\t\t\t<div class=\"elementor-spacer-inner\"><\/div>\n\t\t<\/div>\n\t\t\t\t\t\t<\/div>\n\t\t\t\t<\/div>\n\t\t\t\t\t<\/div>\n\t\t\t\t<\/div>\n\t\t<div class=\"elementor-element elementor-element-42f9f38 e-flex e-con-boxed wpr-particle-no wpr-jarallax-no wpr-parallax-no wpr-sticky-section-no e-con e-parent\" data-id=\"42f9f38\" data-element_type=\"container\" data-settings=\"{&quot;_ha_eqh_enable&quot;:false}\">\n\t\t\t\t\t<div class=\"e-con-inner\">\n\t\t<div class=\"elementor-element elementor-element-5968856 e-con-full e-flex wpr-particle-no wpr-jarallax-no wpr-parallax-no wpr-sticky-section-no e-con e-child\" data-id=\"5968856\" data-element_type=\"container\" data-settings=\"{&quot;_ha_eqh_enable&quot;:false}\">\n\t\t\t\t<div class=\"elementor-element elementor-element-fdc1d6a elementor-widget elementor-widget-heading\" data-id=\"fdc1d6a\" data-element_type=\"widget\" data-widget_type=\"heading.default\">\n\t\t\t\t<div class=\"elementor-widget-container\">\n\t\t\t\t\t<h2 class=\"elementor-heading-title elementor-size-default\">Sobre N\u00f3s<\/h2>\t\t\t\t<\/div>\n\t\t\t\t<\/div>\n\t\t\t\t<div class=\"elementor-element elementor-element-213dab1 elementor-widget elementor-widget-text-editor\" data-id=\"213dab1\" data-element_type=\"widget\" data-widget_type=\"text-editor.default\">\n\t\t\t\t<div class=\"elementor-widget-container\">\n\t\t\t\t\t\t\t\t\t<p>A Pangea emergiu da vis\u00e3o pioneira de seu CEO durante uma viagem a Singapura, onde constatou a crescente preocupa\u00e7\u00e3o do governo local com a seguran\u00e7a alimentar da ilha. Inspirado por essa observa\u00e7\u00e3o, ele iniciou uma pesquisa aprofundada sobre o potencial dos insetos como fonte de alimento para consumo humano e animal. Atualmente, a Pangea dedica-se \u00e0 produ\u00e7\u00e3o de alimentos \u00e0 base de insetos, de forma ecol\u00f3gica e sustent\u00e1vel, reafirmando seu compromisso com a inova\u00e7\u00e3o e a responsabilidade ambiental.<\/p>\t\t\t\t\t\t\t\t<\/div>\n\t\t\t\t<\/div>\n\t\t\t\t<\/div>\n\t\t<div class=\"elementor-element elementor-element-56986ec e-con-full e-flex wpr-particle-no wpr-jarallax-no wpr-parallax-no wpr-sticky-section-no e-con e-child\" data-id=\"56986ec\" data-element_type=\"container\" data-settings=\"{&quot;_ha_eqh_enable&quot;:false}\">\n\t\t\t\t<div class=\"elementor-element elementor-element-3889dad elementor-widget elementor-widget-image\" data-id=\"3889dad\" data-element_type=\"widget\" data-widget_type=\"image.default\">\n\t\t\t\t<div class=\"elementor-widget-container\">\n\t\t\t\t\t\t\t\t\t\t\t\t\t\t\t<img fetchpriority=\"high\" decoding=\"async\" width=\"1024\" height=\"1024\" src=\"https:\/\/pangeafood.com.br\/wp-content\/uploads\/2025\/09\/0506-1024x1024.png\" class=\"attachment-large size-large wp-image-263\" alt=\"\" srcset=\"https:\/\/pangeafood.com.br\/wp-content\/uploads\/2025\/09\/0506-1024x1024.png 1024w, https:\/\/pangeafood.com.br\/wp-content\/uploads\/2025\/09\/0506-300x300.png 300w, https:\/\/pangeafood.com.br\/wp-content\/uploads\/2025\/09\/0506-150x150.png 150w, https:\/\/pangeafood.com.br\/wp-content\/uploads\/2025\/09\/0506-768x768.png 768w, https:\/\/pangeafood.com.br\/wp-content\/uploads\/2025\/09\/0506.png 1080w\" sizes=\"(max-width: 1024px) 100vw, 1024px\" \/>\t\t\t\t\t\t\t\t\t\t\t\t\t\t\t<\/div>\n\t\t\t\t<\/div>\n\t\t\t\t<\/div>\n\t\t\t\t\t<\/div>\n\t\t\t\t<\/div>\n\t\t<div class=\"elementor-element elementor-element-c996305 e-flex e-con-boxed wpr-particle-no wpr-jarallax-no wpr-parallax-no wpr-sticky-section-no e-con e-parent\" data-id=\"c996305\" data-element_type=\"container\" data-settings=\"{&quot;_ha_eqh_enable&quot;:false}\">\n\t\t\t\t\t<div class=\"e-con-inner\">\n\t\t\t\t<div class=\"elementor-element elementor-element-f7f886a elementor-widget elementor-widget-text-editor\" data-id=\"f7f886a\" data-element_type=\"widget\" data-widget_type=\"text-editor.default\">\n\t\t\t\t<div class=\"elementor-widget-container\">\n\t\t\t\t\t\t\t\t\t<p data-start=\"85\" data-end=\"407\">Os insetos s\u00e3o uma fonte riqu\u00edssima de alimento, tanto para animais quanto para seres humanos, oferecendo vitaminas, \u00f3leos essenciais e cadeias de amino\u00e1cidos (prote\u00ednas) de alto valor biol\u00f3gico. Trabalhamos com ten\u00e9brio-gigante, monitor, grilo e a mosca soldado-negro (BSF, sigla em ingl\u00eas para <em data-start=\"384\" data-end=\"403\">Black Soldier Fly<\/em>).<\/p><p data-start=\"409\" data-end=\"694\">Um dos grandes benef\u00edcios dos insetos \u00e9 sua contribui\u00e7\u00e3o para a economia circular, pois em nossa produ\u00e7\u00e3o n\u00e3o h\u00e1 res\u00edduos. Eles s\u00e3o alimentados e, a partir deles, extraem-se prote\u00ednas e \u00f3leo, enquanto seus excrementos se transformam em frass, um adubo org\u00e2nico de alt\u00edssimo valor.<\/p>\t\t\t\t\t\t\t\t<\/div>\n\t\t\t\t<\/div>\n\t\t\t\t\t<\/div>\n\t\t\t\t<\/div>\n\t\t\t\t<\/div>\n\t\t","protected":false},"excerpt":{"rendered":"<p>Sobre N\u00f3s A Pangea emergiu da vis\u00e3o pioneira de seu CEO durante uma viagem a Singapura, onde constatou a crescente preocupa\u00e7\u00e3o do governo local com a seguran\u00e7a alimentar da ilha. Inspirado por essa observa\u00e7\u00e3o, ele iniciou uma pesquisa aprofundada sobre o potencial dos insetos como fonte de alimento para consumo humano e animal. Atualmente, a Pangea dedica-se \u00e0 produ\u00e7\u00e3o de alimentos \u00e0 base de insetos, de forma ecol\u00f3gica e sustent\u00e1vel, reafirmando seu compromisso com a inova\u00e7\u00e3o e a responsabilidade ambiental. Os insetos s\u00e3o uma fonte riqu\u00edssima de alimento, tanto para animais quanto para seres humanos, oferecendo vitaminas, \u00f3leos essenciais e cadeias de amino\u00e1cidos (prote\u00ednas) de alto valor biol\u00f3gico. Trabalhamos com ten\u00e9brio-gigante, monitor, grilo e a mosca soldado-negro (BSF, sigla em ingl\u00eas para Black Soldier Fly). Um dos grandes benef\u00edcios dos insetos \u00e9 sua contribui\u00e7\u00e3o para a economia circular, pois em nossa produ\u00e7\u00e3o n\u00e3o h\u00e1 res\u00edduos. Eles s\u00e3o alimentados e, a partir deles, extraem-se prote\u00ednas e \u00f3leo, enquanto seus excrementos se transformam em frass, um adubo org\u00e2nico de alt\u00edssimo valor.<\/p>\n","protected":false},"author":1,"featured_media":0,"parent":0,"menu_order":0,"comment_status":"closed","ping_status":"closed","template":"","meta":{"site-sidebar-layout":"no-sidebar","site-content-layout":"","ast-site-content-layout":"full-width-container","site-content-style":"default","site-sidebar-style":"default","ast-global-header-display":"","ast-banner-title-visibility":"","ast-main-header-display":"","ast-hfb-above-header-display":"","ast-hfb-below-header-display":"","ast-hfb-mobile-header-display":"","site-post-title":"disabled","ast-breadcrumbs-content":"","ast-featured-img":"disabled","footer-sml-layout":"","theme-transparent-header-meta":"","adv-header-id-meta":"","stick-header-meta":"","header-above-stick-meta":"","header-main-stick-meta":"","header-below-stick-meta":"","astra-migrate-meta-layouts":"default","ast-page-background-enabled":"default","ast-page-background-meta":{"desktop":{"background-color":"var(--ast-global-color-5)","background-image":"","background-repeat":"repeat","background-position":"center center","background-size":"auto","background-attachment":"scroll","background-type":"","background-media":"","overlay-type":"","overlay-color":"","overlay-opacity":"","overlay-gradient":""},"tablet":{"background-color":"","background-image":"","background-repeat":"repeat","background-position":"center center","background-size":"auto","background-attachment":"scroll","background-type":"","background-media":"","overlay-type":"","overlay-color":"","overlay-opacity":"","overlay-gradient":""},"mobile":{"background-color":"","background-image":"","background-repeat":"repeat","background-position":"center center","background-size":"auto","background-attachment":"scroll","background-type":"","background-media":"","overlay-type":"","overlay-color":"","overlay-opacity":"","overlay-gradient":""}},"ast-content-background-meta":{"desktop":{"background-color":"var(--ast-global-color-4)","background-image":"","background-repeat":"repeat","background-position":"center center","background-size":"auto","background-attachment":"scroll","background-type":"","background-media":"","overlay-type":"","overlay-color":"","overlay-opacity":"","overlay-gradient":""},"tablet":{"background-color":"var(--ast-global-color-4)","background-image":"","background-repeat":"repeat","background-position":"center center","background-size":"auto","background-attachment":"scroll","background-type":"","background-media":"","overlay-type":"","overlay-color":"","overlay-opacity":"","overlay-gradient":""},"mobile":{"background-color":"var(--ast-global-color-4)","background-image":"","background-repeat":"repeat","background-position":"center center","background-size":"auto","background-attachment":"scroll","background-type":"","background-media":"","overlay-type":"","overlay-color":"","overlay-opacity":"","overlay-gradient":""}},"footnotes":""},"class_list":["post-240","page","type-page","status-publish","hentry"],"yoast_head":"<!-- This site is optimized with the Yoast SEO plugin v25.9 - https:\/\/yoast.com\/wordpress\/plugins\/seo\/ -->\n<title>SOBRE N\u00d3S - Pangea Foods<\/title>\n<meta name=\"description\" content=\"A Pangea emergiu da vis\u00e3o pioneira de seu CEO durante uma viagem a Singapura, onde constatou a crescente preocupa\u00e7\u00e3o do governo local com a seguran\u00e7a alimentar da ilha.\" \/>\n<meta name=\"robots\" content=\"index, follow, max-snippet:-1, max-image-preview:large, max-video-preview:-1\" \/>\n<link rel=\"canonical\" href=\"https:\/\/pangeafood.com.br\/?page_id=240\" \/>\n<meta property=\"og:locale\" content=\"en_US\" \/>\n<meta property=\"og:type\" content=\"article\" \/>\n<meta property=\"og:title\" content=\"SOBRE N\u00d3S - Pangea Foods\" \/>\n<meta property=\"og:description\" content=\"A Pangea emergiu da vis\u00e3o pioneira de seu CEO durante uma viagem a Singapura, onde constatou a crescente preocupa\u00e7\u00e3o do governo local com a seguran\u00e7a alimentar da ilha.\" \/>\n<meta property=\"og:url\" content=\"https:\/\/pangeafood.com.br\/?page_id=240\" \/>\n<meta property=\"article:modified_time\" content=\"2025-12-18T17:53:52+00:00\" \/>\n<meta property=\"og:image\" content=\"http:\/\/pangeafood.com.br\/wp-content\/uploads\/2025\/09\/0506-1024x1024.png\" \/>\n<meta name=\"twitter:card\" content=\"summary_large_image\" \/>\n<meta name=\"twitter:label1\" content=\"Est. reading time\" \/>\n\t<meta name=\"twitter:data1\" content=\"2 minutes\" \/>\n<script type=\"application\/ld+json\" class=\"yoast-schema-graph\">{\"@context\":\"https:\/\/schema.org\",\"@graph\":[{\"@type\":\"WebPage\",\"@id\":\"https:\/\/pangeafood.com.br\/?page_id=240\",\"url\":\"https:\/\/pangeafood.com.br\/?page_id=240\",\"name\":\"SOBRE N\u00d3S - Pangea Foods\",\"isPartOf\":{\"@id\":\"https:\/\/pangeafood.com.br\/#website\"},\"primaryImageOfPage\":{\"@id\":\"https:\/\/pangeafood.com.br\/?page_id=240#primaryimage\"},\"image\":{\"@id\":\"https:\/\/pangeafood.com.br\/?page_id=240#primaryimage\"},\"thumbnailUrl\":\"http:\/\/pangeafood.com.br\/wp-content\/uploads\/2025\/09\/0506-1024x1024.png\",\"datePublished\":\"2025-09-19T18:22:56+00:00\",\"dateModified\":\"2025-12-18T17:53:52+00:00\",\"description\":\"A Pangea emergiu da vis\u00e3o pioneira de seu CEO durante uma viagem a Singapura, onde constatou a crescente preocupa\u00e7\u00e3o do governo local com a seguran\u00e7a alimentar da ilha.\",\"breadcrumb\":{\"@id\":\"https:\/\/pangeafood.com.br\/?page_id=240#breadcrumb\"},\"inLanguage\":\"en-US\",\"potentialAction\":[{\"@type\":\"ReadAction\",\"target\":[\"https:\/\/pangeafood.com.br\/?page_id=240\"]}]},{\"@type\":\"ImageObject\",\"inLanguage\":\"en-US\",\"@id\":\"https:\/\/pangeafood.com.br\/?page_id=240#primaryimage\",\"url\":\"http:\/\/pangeafood.com.br\/wp-content\/uploads\/2025\/09\/0506-1024x1024.png\",\"contentUrl\":\"http:\/\/pangeafood.com.br\/wp-content\/uploads\/2025\/09\/0506-1024x1024.png\"},{\"@type\":\"BreadcrumbList\",\"@id\":\"https:\/\/pangeafood.com.br\/?page_id=240#breadcrumb\",\"itemListElement\":[{\"@type\":\"ListItem\",\"position\":1,\"name\":\"Home\",\"item\":\"https:\/\/pangeafood.com.br\/\"},{\"@type\":\"ListItem\",\"position\":2,\"name\":\"SOBRE N\u00d3S\"}]},{\"@type\":\"WebSite\",\"@id\":\"https:\/\/pangeafood.com.br\/#website\",\"url\":\"https:\/\/pangeafood.com.br\/\",\"name\":\"\",\"description\":\"\",\"potentialAction\":[{\"@type\":\"SearchAction\",\"target\":{\"@type\":\"EntryPoint\",\"urlTemplate\":\"https:\/\/pangeafood.com.br\/?s={search_term_string}\"},\"query-input\":{\"@type\":\"PropertyValueSpecification\",\"valueRequired\":true,\"valueName\":\"search_term_string\"}}],\"inLanguage\":\"en-US\"}]}<\/script>\n<!-- \/ Yoast SEO plugin. -->","yoast_head_json":{"title":"SOBRE N\u00d3S - Pangea Foods","description":"A Pangea emergiu da vis\u00e3o pioneira de seu CEO durante uma viagem a Singapura, onde constatou a crescente preocupa\u00e7\u00e3o do governo local com a seguran\u00e7a alimentar da ilha.","robots":{"index":"index","follow":"follow","max-snippet":"max-snippet:-1","max-image-preview":"max-image-preview:large","max-video-preview":"max-video-preview:-1"},"canonical":"https:\/\/pangeafood.com.br\/?page_id=240","og_locale":"en_US","og_type":"article","og_title":"SOBRE N\u00d3S - Pangea Foods","og_description":"A Pangea emergiu da vis\u00e3o pioneira de seu CEO durante uma viagem a Singapura, onde constatou a crescente preocupa\u00e7\u00e3o do governo local com a seguran\u00e7a alimentar da ilha.","og_url":"https:\/\/pangeafood.com.br\/?page_id=240","article_modified_time":"2025-12-18T17:53:52+00:00","og_image":[{"url":"http:\/\/pangeafood.com.br\/wp-content\/uploads\/2025\/09\/0506-1024x1024.png","type":"","width":"","height":""}],"twitter_card":"summary_large_image","twitter_misc":{"Est. reading time":"2 minutes"},"schema":{"@context":"https:\/\/schema.org","@graph":[{"@type":"WebPage","@id":"https:\/\/pangeafood.com.br\/?page_id=240","url":"https:\/\/pangeafood.com.br\/?page_id=240","name":"SOBRE N\u00d3S - Pangea Foods","isPartOf":{"@id":"https:\/\/pangeafood.com.br\/#website"},"primaryImageOfPage":{"@id":"https:\/\/pangeafood.com.br\/?page_id=240#primaryimage"},"image":{"@id":"https:\/\/pangeafood.com.br\/?page_id=240#primaryimage"},"thumbnailUrl":"http:\/\/pangeafood.com.br\/wp-content\/uploads\/2025\/09\/0506-1024x1024.png","datePublished":"2025-09-19T18:22:56+00:00","dateModified":"2025-12-18T17:53:52+00:00","description":"A Pangea emergiu da vis\u00e3o pioneira de seu CEO durante uma viagem a Singapura, onde constatou a crescente preocupa\u00e7\u00e3o do governo local com a seguran\u00e7a alimentar da ilha.","breadcrumb":{"@id":"https:\/\/pangeafood.com.br\/?page_id=240#breadcrumb"},"inLanguage":"en-US","potentialAction":[{"@type":"ReadAction","target":["https:\/\/pangeafood.com.br\/?page_id=240"]}]},{"@type":"ImageObject","inLanguage":"en-US","@id":"https:\/\/pangeafood.com.br\/?page_id=240#primaryimage","url":"http:\/\/pangeafood.com.br\/wp-content\/uploads\/2025\/09\/0506-1024x1024.png","contentUrl":"http:\/\/pangeafood.com.br\/wp-content\/uploads\/2025\/09\/0506-1024x1024.png"},{"@type":"BreadcrumbList","@id":"https:\/\/pangeafood.com.br\/?page_id=240#breadcrumb","itemListElement":[{"@type":"ListItem","position":1,"name":"Home","item":"https:\/\/pangeafood.com.br\/"},{"@type":"ListItem","position":2,"name":"SOBRE N\u00d3S"}]},{"@type":"WebSite","@id":"https:\/\/pangeafood.com.br\/#website","url":"https:\/\/pangeafood.com.br\/","name":"","description":"","potentialAction":[{"@type":"SearchAction","target":{"@type":"EntryPoint","urlTemplate":"https:\/\/pangeafood.com.br\/?s={search_term_string}"},"query-input":{"@type":"PropertyValueSpecification","valueRequired":true,"valueName":"search_term_string"}}],"inLanguage":"en-US"}]}},"_links":{"self":[{"href":"https:\/\/pangeafood.com.br\/index.php?rest_route=\/wp\/v2\/pages\/240","targetHints":{"allow":["GET"]}}],"collection":[{"href":"https:\/\/pangeafood.com.br\/index.php?rest_route=\/wp\/v2\/pages"}],"about":[{"href":"https:\/\/pangeafood.com.br\/index.php?rest_route=\/wp\/v2\/types\/page"}],"author":[{"embeddable":true,"href":"https:\/\/pangeafood.com.br\/index.php?rest_route=\/wp\/v2\/users\/1"}],"replies":[{"embeddable":true,"href":"https:\/\/pangeafood.com.br\/index.php?rest_route=%2Fwp%2Fv2%2Fcomments&post=240"}],"version-history":[{"count":26,"href":"https:\/\/pangeafood.com.br\/index.php?rest_route=\/wp\/v2\/pages\/240\/revisions"}],"predecessor-version":[{"id":445,"href":"https:\/\/pangeafood.com.br\/index.php?rest_route=\/wp\/v2\/pages\/240\/revisions\/445"}],"wp:attachment":[{"href":"https:\/\/pangeafood.com.br\/index.php?rest_route=%2Fwp%2Fv2%2Fmedia&parent=240"}],"curies":[{"name":"wp","href":"https:\/\/api.w.org\/{rel}","templated":true}]}}